{"id":9,"date":"2026-04-25T16:55:18","date_gmt":"2026-04-25T16:55:18","guid":{"rendered":"https:\/\/thacotphcm.net\/?page_id=9"},"modified":"2026-04-25T17:01:05","modified_gmt":"2026-04-25T17:01:05","slug":"coming-soon","status":"publish","type":"page","link":"https:\/\/thacotphcm.net\/","title":{"rendered":"Coming Soon"},"content":{"rendered":"\t<section class=\"section\" id=\"section_1599886870\">\n\t\t<div class=\"bg section-bg fill bg-fill  bg-loaded\" >\n\n\t\t\t\n\t\t\t\n\t\t\t\n\n\t\t<\/div>\n\n\t\t\n\n\t\t<div class=\"section-content relative\">\n\t\t\t\n\t<div id=\"gap-1244647707\" class=\"gap-element clearfix\" style=\"display:block; height:auto;\">\n\t\t\n<style>\n#gap-1244647707 {\n  padding-top: 30px;\n}\n<\/style>\n\t<\/div>\n\t\n<div class=\"row align-middle align-center\"  id=\"row-364983209\">\n\n\t<div id=\"col-1335994425\" class=\"col medium-12 small-11 large-6\"  >\n\t\t\t\t<div class=\"col-inner\"  >\n\t\t\t\n\t\t\t\n\t<div id=\"gap-54609114\" class=\"gap-element clearfix hide-for-small\" style=\"display:block; height:auto;\">\n\t\t\n<style>\n#gap-54609114 {\n  padding-top: 10px;\n}\n@media (min-width:850px) {\n  #gap-54609114 {\n    padding-top: 30px;\n  }\n}\n<\/style>\n\t<\/div>\n\t\n\t<div id=\"text-3778990775\" class=\"text\">\n\t\t\n<h1>COMING SOON<\/h1>\n<div id=\"gtx-trans\" style=\"position: absolute; left: 302px; top: 96.1375px;\">\n<div class=\"gtx-trans-icon\">\u00a0<\/div>\n<\/div>\n\t\t\n<style>\n#text-3778990775 {\n  font-size: 1.75rem;\n  line-height: 1.5;\n}\n@media (min-width:550px) {\n  #text-3778990775 {\n    font-size: 2rem;\n  }\n}\n<\/style>\n\t<\/div>\n\t\n\t<div id=\"text-3952495770\" class=\"text\">\n\t\t\n<p>Ch\u00e0o m\u1eebng b\u1ea1n \u0111\u1ebfn v\u1edbi website Thacotphcm.net. Website \u0111ang trong giai \u0111o\u1ea1n b\u1ea3o tr\u00ec, v\u00f9i l\u00f2ng quay l\u1ea1i sau!<\/p>\n<p>Li\u00ean h\u1ec7: 0972 077 355<\/p>\n\t\t\n<style>\n#text-3952495770 {\n  font-size: 1rem;\n}\n<\/style>\n\t<\/div>\n\t\n\t<div id=\"gap-489999992\" class=\"gap-element clearfix\" style=\"display:block; height:auto;\">\n\t\t\n<style>\n#gap-489999992 {\n  padding-top: 10px;\n}\n<\/style>\n\t<\/div>\n\t\n\t\t<\/div>\n\t\t\t\t\t<\/div>\n\n\t\n\n\t<div id=\"col-1013408885\" class=\"col medium-12 small-12 large-6 medium-col-first\"  >\n\t\t\t\t<div class=\"col-inner\"  >\n\t\t\t\n\t\t\t\n\t<div class=\"img has-hover circle x md-x lg-x y md-y lg-y\" id=\"image_1319900932\">\n\t\t\t\t\t\t\t\t<div class=\"img-inner dark\" >\n\t\t\t<img loading=\"lazy\" decoding=\"async\" width=\"706\" height=\"500\" src=\"https:\/\/thacotphcm.net\/wp-content\/uploads\/2026\/04\/thaco-nghe-an.webp\" class=\"attachment-large size-large\" alt=\"\" srcset=\"https:\/\/thacotphcm.net\/wp-content\/uploads\/2026\/04\/thaco-nghe-an.webp 706w, https:\/\/thacotphcm.net\/wp-content\/uploads\/2026\/04\/thaco-nghe-an-300x212.webp 300w\" sizes=\"auto, (max-width: 706px) 100vw, 706px\" \/>\t\t\t\t\t\t\n\t\t\t\t\t<\/div>\n\t\t\t\t\t\t\t\t\n<style>\n#image_1319900932 {\n  width: 100%;\n}\n@media (min-width:850px) {\n  #image_1319900932 {\n    width: 100%;\n  }\n}\n<\/style>\n\t<\/div>\n\t\n\t\t<\/div>\n\t\t\t\t\t<\/div>\n\n\t\n<\/div>\n\t\t<\/div>\n\n\t\t\n<style>\n#section_1599886870 {\n  padding-top: 114px;\n  padding-bottom: 114px;\n  background-color: rgb(251, 252, 255);\n}\n@media (min-width:550px) {\n  #section_1599886870 {\n    padding-top: 50px;\n    padding-bottom: 50px;\n  }\n}\n@media (min-width:850px) {\n  #section_1599886870 {\n    padding-top: 130px;\n    padding-bottom: 130px;\n  }\n}\n<\/style>\n\t<\/section>\n\t\n","protected":false},"excerpt":{"rendered":"","protected":false},"author":1,"featured_media":0,"parent":0,"menu_order":0,"comment_status":"closed","ping_status":"closed","template":"page-blank-landingpage.php","meta":{"footnotes":""},"class_list":["post-9","page","type-page","status-publish","hentry"],"_links":{"self":[{"href":"https:\/\/thacotphcm.net\/index.php\/wp-json\/wp\/v2\/pages\/9","targetHints":{"allow":["GET"]}}],"collection":[{"href":"https:\/\/thacotphcm.net\/index.php\/wp-json\/wp\/v2\/pages"}],"about":[{"href":"https:\/\/thacotphcm.net\/index.php\/wp-json\/wp\/v2\/types\/page"}],"author":[{"embeddable":true,"href":"https:\/\/thacotphcm.net\/index.php\/wp-json\/wp\/v2\/users\/1"}],"replies":[{"embeddable":true,"href":"https:\/\/thacotphcm.net\/index.php\/wp-json\/wp\/v2\/comments?post=9"}],"version-history":[{"count":4,"href":"https:\/\/thacotphcm.net\/index.php\/wp-json\/wp\/v2\/pages\/9\/revisions"}],"predecessor-version":[{"id":18,"href":"https:\/\/thacotphcm.net\/index.php\/wp-json\/wp\/v2\/pages\/9\/revisions\/18"}],"wp:attachment":[{"href":"https:\/\/thacotphcm.net\/index.php\/wp-json\/wp\/v2\/media?parent=9"}],"curies":[{"name":"wp","href":"https:\/\/api.w.org\/{rel}","templated":true}]}}